{"id":1797,"date":"2011-07-14T19:45:29","date_gmt":"2011-07-14T19:45:29","guid":{"rendered":"http:\/\/kasagaleri.sabanciuniv.edu\/tr\/about\/"},"modified":"2015-02-13T18:31:00","modified_gmt":"2015-02-13T18:31:00","slug":"about","status":"publish","type":"page","link":"http:\/\/kasagaleri.sabanciuniv.edu\/tr\/about\/","title":{"rendered":"KASA"},"content":{"rendered":"<div class=\"mp-row-fluid motopress-row\">\n<div class=\"mp-span12 motopress-span\" >\n<div class=\"mp-row-fluid motopress-row\">\n<div class=\"mp-span8 motopress-span\" >\n<div class=\"title-box clearfix \"><span class=\"title-box_icon\"><img src=\"http:\/\/kasagaleri.sabanciuniv.edu\/tr\/wp-content\/themes\/theme51394\/images\/icon_10.png\" alt=\"\" \/><\/span><h2 class=\"title-box_primary\">KASA<\/h2><\/div><!-- \/\/.title-box -->\n<\/div>\n<div class=\"mp-span4 motopress-span motopress-empty mp-hidden-phone\" >\n<\/div>\n<\/div>\n<div class=\"mp-row-fluid motopress-row\">\n<div class=\"mp-span8 motopress-span\" >\n<div class=\"motopress-text-obj\">\n<h5>Kasa Galeri<\/h5>\n<\/div>\n<\/div>\n<div class=\"mp-span4 motopress-span motopress-empty mp-hidden-phone\" >\n<\/div>\n<\/div>\n<div class=\"mp-row-fluid motopress-row\">\n<div class=\"mp-span8 motopress-span\" >\n<div class=\"motopress-text-obj\">\n<p>Sabanc\u0131 \u00dcniversitesi, 20.Y\u00fczy\u0131l ba\u015f\u0131nda bir banka olarak in\u015fa edilen tarihi Minerva Han\u2019da 1998 y\u0131l\u0131nda faaliyetlerine ba\u015flam\u0131\u015ft\u0131r. Kamp\u00fcs\u2019te e\u011fitimin ba\u015flamas\u0131n\u0131n ard\u0131ndan Karak\u00f6y binas\u0131 \u00dcniversite\u2019nin \u0130leti\u015fim Merkezi olarak hayata ge\u00e7mi\u015f, konferanslar ve k\u00fclt\u00fcrel etkinliklere y\u00f6nelik bir mekan olarak hizmete sunulmu\u015ftur.<\/p>\n<p>Minerva Han\u2019\u0131n kendine \u00f6zg\u00fc mimari \u00f6zelli\u011finin bir par\u00e7as\u0131 olan bodrum kat kasa dairesi bir sanat galerisine d\u00f6n\u00fc\u015ft\u00fcr\u00fclm\u00fc\u015f ve Nisan 1999 tarihinde \u201cGelece\u011fe Esintiler\u201d ba\u015fl\u0131kl\u0131 sergiyle k\u00fclt\u00fcr ve sanat ortam\u0131na kazand\u0131r\u0131lm\u0131\u015ft\u0131r.<\/p>\n<p>&nbsp;<\/p>\n<\/div>\n<\/div>\n<div class=\"mp-span4 motopress-span motopress-empty mp-hidden-phone\" >\n<\/div>\n<\/div>\n<\/div>\n<\/div>\n<div class=\"mp-row-fluid motopress-row\">\n<div class=\"mp-span8 motopress-span motopress-space\" style=\"min-height: 40px;\">\n<div class=\"motopress-space-obj\"><\/div>\n<\/div>\n<div class=\"mp-span4 motopress-span motopress-empty mp-hidden-phone\" >\n<\/div>\n<\/div>\n<p><!--9beb9--><!--9beb9--><\/p>\n","protected":false},"excerpt":{"rendered":"","protected":false},"author":1,"featured_media":0,"parent":0,"menu_order":1,"comment_status":"open","ping_status":"closed","template":"page-fullwidth.php","meta":[],"_links":{"self":[{"href":"http:\/\/kasagaleri.sabanciuniv.edu\/tr\/wp-json\/wp\/v2\/pages\/1797"}],"collection":[{"href":"http:\/\/kasagaleri.sabanciuniv.edu\/tr\/wp-json\/wp\/v2\/pages"}],"about":[{"href":"http:\/\/kasagaleri.sabanciuniv.edu\/tr\/wp-json\/wp\/v2\/types\/page"}],"author":[{"embeddable":true,"href":"http:\/\/kasagaleri.sabanciuniv.edu\/tr\/wp-json\/wp\/v2\/users\/1"}],"replies":[{"embeddable":true,"href":"http:\/\/kasagaleri.sabanciuniv.edu\/tr\/wp-json\/wp\/v2\/comments?post=1797"}],"version-history":[{"count":8,"href":"http:\/\/kasagaleri.sabanciuniv.edu\/tr\/wp-json\/wp\/v2\/pages\/1797\/revisions"}],"predecessor-version":[{"id":2589,"href":"http:\/\/kasagaleri.sabanciuniv.edu\/tr\/wp-json\/wp\/v2\/pages\/1797\/revisions\/2589"}],"wp:attachment":[{"href":"http:\/\/kasagaleri.sabanciuniv.edu\/tr\/wp-json\/wp\/v2\/media?parent=1797"}],"curies":[{"name":"wp","href":"https:\/\/api.w.org\/{rel}","templated":true}]}}